{"id":757,"date":"2023-05-25T16:24:05","date_gmt":"2023-05-25T14:24:05","guid":{"rendered":"http:\/\/www.hetdierenwarenhuis.nl\/?page_id=757"},"modified":"2025-09-22T02:58:35","modified_gmt":"2025-09-22T00:58:35","slug":"soorten-voer","status":"publish","type":"page","link":"https:\/\/www.hetdierenwarenhuis.nl\/?page_id=757","title":{"rendered":"Soorten voer"},"content":{"rendered":"\n<p><\/p>\n\n\n\n<p><strong>Geextrudeerde brokken<\/strong><\/p>\n\n\n<div class=\"wp-block-image\">\n<figure class=\"alignleft size-full\"><img loading=\"lazy\" decoding=\"async\" width=\"380\" height=\"275\" src=\"http:\/\/www.hetdierenwarenhuis.nl\/wp-content\/uploads\/2023\/05\/geextrudeerde-brokken.jpg\" alt=\"\" class=\"wp-image-759\" srcset=\"https:\/\/www.hetdierenwarenhuis.nl\/wp-content\/uploads\/2023\/05\/geextrudeerde-brokken.jpg 380w, https:\/\/www.hetdierenwarenhuis.nl\/wp-content\/uploads\/2023\/05\/geextrudeerde-brokken-300x217.jpg 300w, https:\/\/www.hetdierenwarenhuis.nl\/wp-content\/uploads\/2023\/05\/geextrudeerde-brokken-50x36.jpg 50w\" sizes=\"auto, (max-width: 380px) 100vw, 380px\" \/><\/figure>\n<\/div>\n\n\n<p class=\"has-text-align-justify\">De meest voorkomende hondenbrokken zijn&nbsp;zogenaamde \u201cge\u00ebxtrudeerde brokken\u201d.&nbsp; Deze brokken worden onder hoge temperatuur en hoge druk&nbsp;door&nbsp;een&nbsp;matrijs geperst waarna ze \u201cextruderen\u201d&nbsp; (zoals poffen van popcorn) tot hun uiteindelijke vorm.&nbsp; Het productieproces kent hogere&nbsp; temperaturen (+130 graden) waardoor de ingredi\u00ebnten, zoals natuurlijke vetten, van structuur kunnen veranderen.<\/p>\n\n\n\n<p class=\"has-text-align-justify\">Ge\u00ebxtrudeerde brokken zijn vaak wat harder, luchtiger en lichter verteerbaar dan geperste brokken. Door de ingredi\u00ebnten en matrijsvorm aan te passen kan nagenoeg elke vorm en samenstelling worden gemaakt.&nbsp; Fabrikanten maken vanwege commerci\u00eble mogelijkheden, daarom graag gebruik van deze productiemethode.<\/p>\n\n\n\n<p class=\"has-text-align-justify\">Het is kortzichtig om te spreken over de kwaliteit van \u201cge\u00ebxtrudeerde brokken\u201d in het algemeen of ze in het algemeen te vergelijken met&nbsp;<a href=\"http:\/\/www.hetdierenwarenhuis.nl\/voor-de-hond\/voeding-2\/persbrokken\/\">geperste brokken<\/a>. De kwaliteit van een ge\u00ebxtrudeerde brok wordt net als van de geperste brok grotendeels bepaald door de gebruikte ingredi\u00ebnten.&nbsp;<\/p>\n\n\n\n<p><br><strong>Geperste brokken<\/strong><\/p>\n\n\n<div class=\"wp-block-image\">\n<figure class=\"alignleft size-full\"><img loading=\"lazy\" decoding=\"async\" width=\"380\" height=\"275\" src=\"http:\/\/www.hetdierenwarenhuis.nl\/wp-content\/uploads\/2023\/05\/geperste-brokken.png\" alt=\"\" class=\"wp-image-760\" srcset=\"https:\/\/www.hetdierenwarenhuis.nl\/wp-content\/uploads\/2023\/05\/geperste-brokken.png 380w, https:\/\/www.hetdierenwarenhuis.nl\/wp-content\/uploads\/2023\/05\/geperste-brokken-300x217.png 300w, https:\/\/www.hetdierenwarenhuis.nl\/wp-content\/uploads\/2023\/05\/geperste-brokken-50x36.png 50w\" sizes=\"auto, (max-width: 380px) 100vw, 380px\" \/><\/figure>\n<\/div>\n\n\n<p class=\"has-text-align-justify\">Bij&nbsp; een geperste brok worden de gemalen ingredi\u00ebnten tot een brokje samengeperst. Doordat de temperaturen lager zijn blijven de kenmerken van de originele voedingsstoffen beter&nbsp;behouden dan bij extruderen.&nbsp;&nbsp;&nbsp;Kenmerken van persbrokken zijn verder dat ze relatief zwaarder zijn, de vertering van een persbrok verloopt anders waarbij ze beter\/eerder \u201cvullen\u201d en de ontlasting wat compacter is.&nbsp;<\/p>\n\n\n\n<p class=\"has-text-align-justify\">Net als bij ge\u00ebxtrudeerde brokken is de&nbsp;kwaliteit van de persbrok voornamelijk afhankelijk van de gebruikte ingredi\u00ebnten en kan niet&nbsp;in zijn algemeenheid worden gesteld dat een persbrok beter of slechter is dan een ge\u00ebxtrudeerde brok.&nbsp; Bovendien&nbsp;<em>doet<\/em>&nbsp;de ene hond&nbsp; het&nbsp;beter op persbrokken dan de andere.<\/p>\n\n\n\n<p><strong>Vers \/ KVV \/ Barf<\/strong><\/p>\n\n\n<div class=\"wp-block-image\">\n<figure class=\"alignleft size-full\"><img loading=\"lazy\" decoding=\"async\" width=\"380\" height=\"275\" src=\"http:\/\/www.hetdierenwarenhuis.nl\/wp-content\/uploads\/2023\/05\/vers-diepvries-barf.webp\" alt=\"\" class=\"wp-image-761\" srcset=\"https:\/\/www.hetdierenwarenhuis.nl\/wp-content\/uploads\/2023\/05\/vers-diepvries-barf.webp 380w, https:\/\/www.hetdierenwarenhuis.nl\/wp-content\/uploads\/2023\/05\/vers-diepvries-barf-300x217.webp 300w, https:\/\/www.hetdierenwarenhuis.nl\/wp-content\/uploads\/2023\/05\/vers-diepvries-barf-50x36.webp 50w\" sizes=\"auto, (max-width: 380px) 100vw, 380px\" \/><\/figure>\n<\/div>\n\n\n<p class=\"has-text-align-justify\">Van alle soorten voeding komt dit&nbsp; het dichtste bij de voeding zoals de wolf deze van nature tot zich neemt.&nbsp; De term \u201crauw\u201d verwijst&nbsp;naar vlees&nbsp;dat onbereid\/onverhit wordt aangeboden.&nbsp;Men spreekt ook wel van \u201cvers\u201d of kvv (kant-en-klaar vers voer). Dit voer wordt in de diepvries bewaard.<\/p>\n\n\n\n<p class=\"has-text-align-justify\">Voordelen van rauw\/vers zijn dat het bacteri\u00ebn bevat die goed zijn voor de darmflora, leiden tot sterker maagzuur (tegen parasieten) en&nbsp;minder afvalstoffen waardoor de organen minder worden belast.&nbsp; De hond zal minder last hebben van jeuk, minder stinken (uit mond en kont), mooiere vacht hebben en minder en kleinere drollen produceren. Verder leidt het tot minder ontstekingen en beperkt het kans op wormen en vlooien.<\/p>\n\n\n\n<p class=\"has-text-align-justify\">Er zijn verschillende gradaties van vers\/rauw. \u00a0Enkelvoudige vleesproducten bevatten slechts een vleesbron (bijvoorbeeld lam of rund). Mix-producten bestaan uit meerdere vleesbronnen (bijvoorbeeld rund\u00a0gemengd met kip). Deze vleessoorten dienen te worden afgewisseld en te worden aangevuld met extra bronnen van vitaminen en mineralen (denk aan groenten, ei, vis). Er zijn ook complete vleesmaaltijden (zoals Wolfs menu met rauw vlees, groenten en toegevoegde mineralen en vitaminen) welke geen aanvullingen meer nodig hebben.<\/p>\n\n\n\n<p><strong>Houdbaar \/ gestoomd<\/strong><\/p>\n\n\n<div class=\"wp-block-image\">\n<figure class=\"alignleft size-full\"><img loading=\"lazy\" decoding=\"async\" width=\"380\" height=\"275\" src=\"http:\/\/www.hetdierenwarenhuis.nl\/wp-content\/uploads\/2023\/05\/houdbaar.webp\" alt=\"\" class=\"wp-image-762\" srcset=\"https:\/\/www.hetdierenwarenhuis.nl\/wp-content\/uploads\/2023\/05\/houdbaar.webp 380w, https:\/\/www.hetdierenwarenhuis.nl\/wp-content\/uploads\/2023\/05\/houdbaar-300x217.webp 300w, https:\/\/www.hetdierenwarenhuis.nl\/wp-content\/uploads\/2023\/05\/houdbaar-50x36.webp 50w\" sizes=\"auto, (max-width: 380px) 100vw, 380px\" \/><\/figure>\n<\/div>\n\n\n<p class=\"has-text-align-justify\">Houdbare voeding is over het algemeen voer dat buiten de koelkast bewaard kan blijven. We onderscheiden daarin pat\u00e9s,  worsten,  blikvoeding en stoom-maaltijden.  <\/p>\n\n\n\n<p>Belangrijk verschil met viers\/kvv is dat dit voer gegaard is waardoor het niet pro-biotisch is. Het bevat dus g\u00e9\u00e9n levende goede bacteri\u00ebn die de darmflora voeden.  Het zijn prima tijdelijke (vakantie?) alternatieven voor vers of smakelijke aanvullingen op brokken.   Ook bij het geven van deze voeding is regelmatig afwisselen met vers\/kvv &#8211; vanwege de voeding van de darmflora &#8211; aan te bevelen. <\/p>\n\n\n\n<p>Net als bij alle andere voeding  is de kwaliteit volledig afhankelijk van de gebruikte ingredi\u00ebnten.  <em>LET OP: de &#8220;Butternut Boxen&#8221; van deze tijd zijn ondanks hun bewaaradvies (gekoeld\/ingevroren) weldegelijk gegaarde maaltijden zonder de pro-biotische werking. Dat verschil vergeten ze nogal eens te vermelden! <\/em><\/p>\n\n\n\n<p class=\"has-text-align-justify\"><strong>Snacks<\/strong><\/p>\n","protected":false},"excerpt":{"rendered":"<p>Geextrudeerde brokken De meest voorkomende hondenbrokken zijn&nbsp;zogenaamde \u201cge\u00ebxtrudeerde brokken\u201d.&nbsp; Deze brokken worden onder hoge temperatuur en hoge druk&nbsp;door&nbsp;een&nbsp;matrijs geperst waarna ze \u201cextruderen\u201d&nbsp; (zoals poffen van popcorn) tot hun uiteindelijke vorm.&nbsp; Het productieproces kent hogere&nbsp; temperaturen (+130 graden) waardoor de ingredi\u00ebnten, zoals natuurlijke vetten, van structuur kunnen veranderen. Ge\u00ebxtrudeerde brokken zijn vaak wat harder, luchtiger en [&hellip;]<\/p>\n","protected":false},"author":1,"featured_media":0,"parent":896,"menu_order":3,"comment_status":"closed","ping_status":"closed","template":"","meta":{"footnotes":""},"class_list":["post-757","page","type-page","status-publish","hentry"],"jetpack_sharing_enabled":true,"_links":{"self":[{"href":"https:\/\/www.hetdierenwarenhuis.nl\/index.php?rest_route=\/wp\/v2\/pages\/757","targetHints":{"allow":["GET"]}}],"collection":[{"href":"https:\/\/www.hetdierenwarenhuis.nl\/index.php?rest_route=\/wp\/v2\/pages"}],"about":[{"href":"https:\/\/www.hetdierenwarenhuis.nl\/index.php?rest_route=\/wp\/v2\/types\/page"}],"author":[{"embeddable":true,"href":"https:\/\/www.hetdierenwarenhuis.nl\/index.php?rest_route=\/wp\/v2\/users\/1"}],"replies":[{"embeddable":true,"href":"https:\/\/www.hetdierenwarenhuis.nl\/index.php?rest_route=%2Fwp%2Fv2%2Fcomments&post=757"}],"version-history":[{"count":2,"href":"https:\/\/www.hetdierenwarenhuis.nl\/index.php?rest_route=\/wp\/v2\/pages\/757\/revisions"}],"predecessor-version":[{"id":2254,"href":"https:\/\/www.hetdierenwarenhuis.nl\/index.php?rest_route=\/wp\/v2\/pages\/757\/revisions\/2254"}],"up":[{"embeddable":true,"href":"https:\/\/www.hetdierenwarenhuis.nl\/index.php?rest_route=\/wp\/v2\/pages\/896"}],"wp:attachment":[{"href":"https:\/\/www.hetdierenwarenhuis.nl\/index.php?rest_route=%2Fwp%2Fv2%2Fmedia&parent=757"}],"curies":[{"name":"wp","href":"https:\/\/api.w.org\/{rel}","templated":true}]}}