{"id":2,"date":"2023-03-09T12:17:20","date_gmt":"2023-03-09T11:17:20","guid":{"rendered":"http:\/\/www.hetdierenwarenhuis.nl\/?page_id=2"},"modified":"2024-04-02T22:01:37","modified_gmt":"2024-04-02T20:01:37","slug":"sample-page","status":"publish","type":"page","link":"https:\/\/www.hetdierenwarenhuis.nl\/?page_id=2","title":{"rendered":"&#8217;n stukske historie"},"content":{"rendered":"\n<p><strong>&#8220;Het Dierenwarenhuis &#8211; Natuurvoeding voor dieren&#8221;&nbsp;<\/strong><\/p>\n\n\n<div class=\"wp-block-image\">\n<figure class=\"aligncenter size-full\"><img loading=\"lazy\" decoding=\"async\" width=\"464\" height=\"292\" src=\"http:\/\/www.hetdierenwarenhuis.nl\/wp-content\/uploads\/2023\/04\/oude-kar.jpg\" alt=\"\" class=\"wp-image-511\" srcset=\"https:\/\/www.hetdierenwarenhuis.nl\/wp-content\/uploads\/2023\/04\/oude-kar.jpg 464w, https:\/\/www.hetdierenwarenhuis.nl\/wp-content\/uploads\/2023\/04\/oude-kar-416x262.jpg 416w, https:\/\/www.hetdierenwarenhuis.nl\/wp-content\/uploads\/2023\/04\/oude-kar-300x189.jpg 300w\" sizes=\"auto, (max-width: 464px) 100vw, 464px\" \/><\/figure>\n<\/div>\n\n\n<p class=\"has-text-align-justify\"><strong>Sinds 1908 is kwaliteit onze kracht<\/strong>    In 1908 startte Driek Lammers in Someren Eind een molen. Driek was zijn tijd vooruit en begon, misschien wel als een van de eerste in de omtrek, nu eens geen klassieke windmolen maar een molen op stoom. Boeren brachten er hun oogst en Driek&nbsp; maalde het met zijn enige zoon Jan fijn tot grondstoffen voor consumptie.&nbsp; Toen zoon Jan (I) de molen van zijn vader overnam werd de stoommachine vervangen door een moderne effici\u00ebntere dieselmotor.<\/p>\n\n\n\n<p class=\"has-text-align-justify\">De drie zoons van Jan (I), niet geheel toevallig heette er ook een Jan (II) \u00a0kwamen ook in het bedrijf en deze gebroeders Lammers gingen zich verder toeleggen op het malen en mengen van diervoeders. Daarbij namen ze soms ook als betaling, wel eens wat meelsoorten over van hun klanten en verkochten dat in een soort winkel aan de mensen die rondom de molen woonde. Het malen van voer ging de familie Lammers goed af en de vierde generatie \u2013 met inderdaad Jan (III) \u2013 de vader van Katja\u2013 specialiseerde zich in het\u00a0gebruik van zoveel mogelijk natuurlijke voedingsmiddelen, \u00f3\u00f3k voor dieren. Al snel paste alle activiteiten niet meer in de molen en moest er opnieuw stevig worden ge\u00efnvesteerd. Via het uitgebreide netwerk van de familie kon de benodigde \u00a0kennis en kapitaal worden aangetrokken. Samen met deze partners werden door de gebroeders Lammers op dat moment vrijwel alle schakels in het productieproces van natuurlijke diervoeding afgedekt.<\/p>\n\n\n<div class=\"wp-block-image\">\n<figure class=\"aligncenter size-full is-resized\"><img loading=\"lazy\" decoding=\"async\" width=\"600\" height=\"302\" src=\"https:\/\/www.hetdierenwarenhuis.nl\/wp-content\/uploads\/2024\/04\/janIIlammers.png\" alt=\"\" class=\"wp-image-1285\" style=\"width:468px;height:auto\" srcset=\"https:\/\/www.hetdierenwarenhuis.nl\/wp-content\/uploads\/2024\/04\/janIIlammers.png 600w, https:\/\/www.hetdierenwarenhuis.nl\/wp-content\/uploads\/2024\/04\/janIIlammers-416x209.png 416w, https:\/\/www.hetdierenwarenhuis.nl\/wp-content\/uploads\/2024\/04\/janIIlammers-300x151.png 300w\" sizes=\"auto, (max-width: 600px) 100vw, 600px\" \/><\/figure>\n<\/div>\n\n\n<p class=\"has-text-align-justify\">In Eindhoven werd &#8220;Het Dierenwarenhuis&#8221; geopend, een voor die tijd zeer ruime overzichtelijke dierenspeciaalzaak. M\u00e9t natuurvoeding voor hond en kat, natuurlijk.\u00a0\u00a0Rondom het millennium zijn vrijwel alle bedrijfsactiviteiten naar de partners overgegaan. Deze bedrijven bestaan nog steeds en produceren diervoeding, soms ook voor de bekendere A-merken. Alleen de winkels werden behouden en Het Dierenwarenhuis Eindhoven is vandaag de dag alweer meer dan 20 jaar in handen van Katja (dochter van Jan III).<\/p>\n\n\n<div class=\"wp-block-image\">\n<figure class=\"aligncenter size-full is-resized\"><img loading=\"lazy\" decoding=\"async\" width=\"744\" height=\"750\" src=\"https:\/\/www.hetdierenwarenhuis.nl\/wp-content\/uploads\/2023\/03\/familielammersfoto.jpg\" alt=\"\" class=\"wp-image-476\" style=\"width:511px;height:auto\" srcset=\"https:\/\/www.hetdierenwarenhuis.nl\/wp-content\/uploads\/2023\/03\/familielammersfoto.jpg 744w, https:\/\/www.hetdierenwarenhuis.nl\/wp-content\/uploads\/2023\/03\/familielammersfoto-100x100.jpg 100w, https:\/\/www.hetdierenwarenhuis.nl\/wp-content\/uploads\/2023\/03\/familielammersfoto-416x419.jpg 416w, https:\/\/www.hetdierenwarenhuis.nl\/wp-content\/uploads\/2023\/03\/familielammersfoto-298x300.jpg 298w, https:\/\/www.hetdierenwarenhuis.nl\/wp-content\/uploads\/2023\/03\/familielammersfoto-150x150.jpg 150w\" sizes=\"auto, (max-width: 744px) 100vw, 744px\" \/><\/figure>\n<\/div>\n\n\n<p>De kennis over natuurlijke diervoeding, het netwerk van producenten, de historie \u00e9n vooruitstrevende karakter van de familie Lammers zijn onlosmakelijk verbonden met de huidige winkel: Het Dierenwarenhuis &#8211; Natuurvoeding voor Dieren en het huismerk &#8220;Lammers &amp; Co. &#8211; natuurlijk!\u00a0<\/p>\n\n\n\n<p class=\"has-text-align-justify\"><\/p>\n\n\n<div class=\"wp-block-image\">\n<figure class=\"aligncenter size-full is-resized\"><a href=\"http:\/\/www.hetdierenwarenhuis.nl\/?page_id=472\"><img loading=\"lazy\" decoding=\"async\" width=\"850\" height=\"340\" src=\"http:\/\/www.hetdierenwarenhuis.nl\/wp-content\/uploads\/2023\/04\/lammers-ping.png\" alt=\"\" class=\"wp-image-498\" style=\"aspect-ratio:2.4974874371859297;width:395px;height:auto\" srcset=\"https:\/\/www.hetdierenwarenhuis.nl\/wp-content\/uploads\/2023\/04\/lammers-ping.png 850w, https:\/\/www.hetdierenwarenhuis.nl\/wp-content\/uploads\/2023\/04\/lammers-ping-416x166.png 416w, https:\/\/www.hetdierenwarenhuis.nl\/wp-content\/uploads\/2023\/04\/lammers-ping-300x120.png 300w, https:\/\/www.hetdierenwarenhuis.nl\/wp-content\/uploads\/2023\/04\/lammers-ping-768x307.png 768w\" sizes=\"auto, (max-width: 850px) 100vw, 850px\" \/><\/a><\/figure>\n<\/div>","protected":false},"excerpt":{"rendered":"<p>&#8220;Het Dierenwarenhuis &#8211; Natuurvoeding voor dieren&#8221;&nbsp; Sinds 1908 is kwaliteit onze kracht In 1908 startte Driek Lammers in Someren Eind een molen. Driek was zijn tijd vooruit en begon, misschien wel als een van de eerste in de omtrek, nu eens geen klassieke windmolen maar een molen op stoom. Boeren brachten er hun oogst en [&hellip;]<\/p>\n","protected":false},"author":1,"featured_media":0,"parent":883,"menu_order":5,"comment_status":"closed","ping_status":"closed","template":"","meta":{"footnotes":""},"class_list":["post-2","page","type-page","status-publish","hentry"],"jetpack_sharing_enabled":true,"_links":{"self":[{"href":"https:\/\/www.hetdierenwarenhuis.nl\/index.php?rest_route=\/wp\/v2\/pages\/2","targetHints":{"allow":["GET"]}}],"collection":[{"href":"https:\/\/www.hetdierenwarenhuis.nl\/index.php?rest_route=\/wp\/v2\/pages"}],"about":[{"href":"https:\/\/www.hetdierenwarenhuis.nl\/index.php?rest_route=\/wp\/v2\/types\/page"}],"author":[{"embeddable":true,"href":"https:\/\/www.hetdierenwarenhuis.nl\/index.php?rest_route=\/wp\/v2\/users\/1"}],"replies":[{"embeddable":true,"href":"https:\/\/www.hetdierenwarenhuis.nl\/index.php?rest_route=%2Fwp%2Fv2%2Fcomments&post=2"}],"version-history":[{"count":12,"href":"https:\/\/www.hetdierenwarenhuis.nl\/index.php?rest_route=\/wp\/v2\/pages\/2\/revisions"}],"predecessor-version":[{"id":1288,"href":"https:\/\/www.hetdierenwarenhuis.nl\/index.php?rest_route=\/wp\/v2\/pages\/2\/revisions\/1288"}],"up":[{"embeddable":true,"href":"https:\/\/www.hetdierenwarenhuis.nl\/index.php?rest_route=\/wp\/v2\/pages\/883"}],"wp:attachment":[{"href":"https:\/\/www.hetdierenwarenhuis.nl\/index.php?rest_route=%2Fwp%2Fv2%2Fmedia&parent=2"}],"curies":[{"name":"wp","href":"https:\/\/api.w.org\/{rel}","templated":true}]}}